{"id":2271,"date":"2024-08-30T21:56:24","date_gmt":"2024-08-30T19:56:24","guid":{"rendered":"https:\/\/studienportal-eierstockkrebs.de\/nadruk\/"},"modified":"2026-02-13T13:30:51","modified_gmt":"2026-02-13T12:30:51","slug":"nadruk","status":"publish","type":"page","link":"https:\/\/studienportal-eierstockkrebs.de\/pl\/nadruk\/","title":{"rendered":"Nadruk"},"content":{"rendered":"\t\t<div data-elementor-type=\"wp-page\" data-elementor-id=\"2271\" class=\"elementor elementor-2271 elementor-100\">\n\t\t\t\t\t\t<section class=\"elementor-section elementor-top-section elementor-element elementor-element-10199155 elementor-section-boxed elementor-section-height-default elementor-section-height-default\" data-id=\"10199155\" data-element_type=\"section\" data-e-type=\"section\">\n\t\t\t\t\t\t<div class=\"elementor-container elementor-column-gap-default\">\n\t\t\t\t\t<div class=\"elementor-column elementor-col-100 elementor-top-column elementor-element elementor-element-5cc32c9a\" data-id=\"5cc32c9a\" data-element_type=\"column\" data-e-type=\"column\">\n\t\t\t<div class=\"elementor-widget-wrap elementor-element-populated\">\n\t\t\t\t\t\t<div class=\"elementor-element elementor-element-f6b746c elementor-widget elementor-widget-heading\" data-id=\"f6b746c\" data-element_type=\"widget\" data-e-type=\"widget\" data-widget_type=\"heading.default\">\n\t\t\t\t<div class=\"elementor-widget-container\">\n\t\t\t\t\t<h1 class=\"elementor-heading-title elementor-size-default\"><strong>Nadruk<\/strong><\/h1>\t\t\t\t<\/div>\n\t\t\t\t<\/div>\n\t\t\t\t\t<\/div>\n\t\t<\/div>\n\t\t\t\t\t<\/div>\n\t\t<\/section>\n\t\t\t\t<section class=\"elementor-section elementor-top-section elementor-element elementor-element-581b2487 elementor-section-boxed elementor-section-height-default elementor-section-height-default\" data-id=\"581b2487\" data-element_type=\"section\" data-e-type=\"section\">\n\t\t\t\t\t\t<div class=\"elementor-container elementor-column-gap-default\">\n\t\t\t\t\t<div class=\"elementor-column elementor-col-100 elementor-top-column elementor-element elementor-element-171489bf\" data-id=\"171489bf\" data-element_type=\"column\" data-e-type=\"column\">\n\t\t\t<div class=\"elementor-widget-wrap elementor-element-populated\">\n\t\t\t\t\t\t<div class=\"elementor-element elementor-element-faa4244 elementor-widget elementor-widget-text-editor\" data-id=\"faa4244\" data-element_type=\"widget\" data-e-type=\"widget\" data-widget_type=\"text-editor.default\">\n\t\t\t\t<div class=\"elementor-widget-container\">\n\t\t\t\t\t\t\t\t\t<p><strong>Pomys\u0142 i zarz\u0105dzanie:<\/strong><br>Prof. Dr med. hc. Dr Jalid Sehouli<br>Susanne Fechner <\/p><p><strong>Edycja i koordynacja:<\/strong><br>AVISOmed medizin+media<\/p><p><strong>Projekt strony internetowej:<\/strong><br><a style=\"font-weight: 400 !important; text-decoration: none; color: #545454;\" href=\"https:\/\/vorsichtbissig.de\/\" target=\"_blank\" rel=\"noopener\">Christian Suhr<\/a><\/p><p><strong>Kontakt:<br><\/strong>AVISOmed medizin+media<br>Friedelstr. 56<br>12047 Berlin<br>+49 30 346 496 459 <br><a href=\"mailto:info@avisomed.de\">info@avisomed.de<\/a><br><a href=\"http:\/\/www.avisomed.de\" target=\"_blank\" rel=\"noopener\">www.avisomed.de<\/a><\/p><p><strong>Odpowiedzialny za tre\u015b\u0107 (zgodnie z \u00a7 55 Abs. 2 RStV):<\/strong><br>Susanne Fechner<\/p><p>Inicjatywa <a href=\"https:\/\/forum-gyn-onkologie.de\/\" target=\"_blank\" rel=\"noopener\">Forum Gyn Onkologie<\/a> we wsp\u00f3\u0142pracy z <a href=\"https:\/\/stiftung-eierstockkrebs.de\/\" target=\"_blank\" rel=\"noopener\">Niemieck\u0105 Fundacj\u0105 Raka Jajnika<\/a>, <a href=\"https:\/\/www.noggo.de\/\" target=\"_blank\" rel=\"noopener\">NOGGO e.V.<\/a> i <a href=\"https:\/\/ago-ovar.de\/\" target=\"_blank\" rel=\"noopener\">Grup\u0105 Badawcz\u0105 AGO<\/a>.<\/p>\t\t\t\t\t\t\t\t<\/div>\n\t\t\t\t<\/div>\n\t\t\t\t\t<\/div>\n\t\t<\/div>\n\t\t\t\t\t<\/div>\n\t\t<\/section>\n\t\t\t\t<\/div>\n\t\t","protected":false},"excerpt":{"rendered":"<p>Nadruk Pomys\u0142 i zarz\u0105dzanie:Prof. Dr med. hc. Dr Jalid SehouliSusanne Fechner Edycja i koordynacja:AVISOmed medizin+media Projekt strony internetowej:Christian Suhr Kontakt:AVISOmed medizin+mediaFriedelstr. 5612047 Berlin+49 30 346 496 459 info@avisomed.dewww.avisomed.de Odpowiedzialny za tre\u015b\u0107 (zgodnie z \u00a7 55 Abs. 2 RStV):Susanne Fechner Inicjatywa Forum Gyn Onkologie we wsp\u00f3\u0142pracy z Niemieck\u0105 Fundacj\u0105 Raka Jajnika, NOGGO e.V. i Grup\u0105 Badawcz\u0105 [&hellip;]<\/p>\n","protected":false},"author":1,"featured_media":0,"parent":0,"menu_order":0,"comment_status":"closed","ping_status":"closed","template":"","meta":{"_acf_changed":false,"footnotes":""},"class_list":["post-2271","page","type-page","status-publish","hentry"],"acf":[],"_links":{"self":[{"href":"https:\/\/studienportal-eierstockkrebs.de\/pl\/wp-json\/wp\/v2\/pages\/2271","targetHints":{"allow":["GET"]}}],"collection":[{"href":"https:\/\/studienportal-eierstockkrebs.de\/pl\/wp-json\/wp\/v2\/pages"}],"about":[{"href":"https:\/\/studienportal-eierstockkrebs.de\/pl\/wp-json\/wp\/v2\/types\/page"}],"author":[{"embeddable":true,"href":"https:\/\/studienportal-eierstockkrebs.de\/pl\/wp-json\/wp\/v2\/users\/1"}],"replies":[{"embeddable":true,"href":"https:\/\/studienportal-eierstockkrebs.de\/pl\/wp-json\/wp\/v2\/comments?post=2271"}],"version-history":[{"count":1,"href":"https:\/\/studienportal-eierstockkrebs.de\/pl\/wp-json\/wp\/v2\/pages\/2271\/revisions"}],"predecessor-version":[{"id":2280,"href":"https:\/\/studienportal-eierstockkrebs.de\/pl\/wp-json\/wp\/v2\/pages\/2271\/revisions\/2280"}],"wp:attachment":[{"href":"https:\/\/studienportal-eierstockkrebs.de\/pl\/wp-json\/wp\/v2\/media?parent=2271"}],"curies":[{"name":"wp","href":"https:\/\/api.w.org\/{rel}","templated":true}]}}