{"id":1904,"date":"2026-01-23T12:51:38","date_gmt":"2026-01-23T11:51:38","guid":{"rendered":"https:\/\/studienportal-eierstockkrebs.de\/kendi-kendine-yardim-gruplari\/"},"modified":"2026-02-13T12:11:17","modified_gmt":"2026-02-13T11:11:17","slug":"kendi-kendine-yardim-gruplari","status":"publish","type":"page","link":"https:\/\/studienportal-eierstockkrebs.de\/tr\/kendi-kendine-yardim-gruplari\/","title":{"rendered":"Kendi kendine yard\u0131m gruplar\u0131"},"content":{"rendered":"\t\t<div data-elementor-type=\"wp-page\" data-elementor-id=\"1904\" class=\"elementor elementor-1904 elementor-1037\">\n\t\t\t\t\t\t<section class=\"elementor-section elementor-top-section elementor-element elementor-element-74719a2a elementor-section-boxed elementor-section-height-default elementor-section-height-default\" data-id=\"74719a2a\" data-element_type=\"section\" data-e-type=\"section\">\n\t\t\t\t\t\t<div class=\"elementor-container elementor-column-gap-default\">\n\t\t\t\t\t<div class=\"elementor-column elementor-col-100 elementor-top-column elementor-element elementor-element-64e52e85\" data-id=\"64e52e85\" data-element_type=\"column\" data-e-type=\"column\">\n\t\t\t<div class=\"elementor-widget-wrap elementor-element-populated\">\n\t\t\t\t\t\t<div class=\"elementor-element elementor-element-50042aff elementor-widget elementor-widget-heading\" data-id=\"50042aff\" data-element_type=\"widget\" data-e-type=\"widget\" data-widget_type=\"heading.default\">\n\t\t\t\t<div class=\"elementor-widget-container\">\n\t\t\t\t\t<h1 class=\"elementor-heading-title elementor-size-default\"><strong>Kendi kendine yard\u0131m gruplar\u0131 ve topluluk<\/strong><br>Yumurtal\u0131k kanseri i\u00e7in dan\u0131\u015fmanl\u0131k ve destek<\/h1>\t\t\t\t<\/div>\n\t\t\t\t<\/div>\n\t\t\t\t\t<\/div>\n\t\t<\/div>\n\t\t\t\t\t<\/div>\n\t\t<\/section>\n\t\t\t\t<section class=\"elementor-section elementor-top-section elementor-element elementor-element-11777b6f elementor-section-boxed elementor-section-height-default elementor-section-height-default\" data-id=\"11777b6f\" data-element_type=\"section\" data-e-type=\"section\">\n\t\t\t\t\t\t<div class=\"elementor-container elementor-column-gap-default\">\n\t\t\t\t\t<div class=\"elementor-column elementor-col-100 elementor-top-column elementor-element elementor-element-7fc89ef5\" data-id=\"7fc89ef5\" data-element_type=\"column\" data-e-type=\"column\">\n\t\t\t<div class=\"elementor-widget-wrap elementor-element-populated\">\n\t\t\t\t\t\t<div class=\"elementor-element elementor-element-7fd3d38e elementor-widget elementor-widget-image\" data-id=\"7fd3d38e\" data-element_type=\"widget\" data-e-type=\"widget\" data-widget_type=\"image.default\">\n\t\t\t\t<div class=\"elementor-widget-container\">\n\t\t\t\t\t\t\t\t\t\t\t\t\t\t\t<img fetchpriority=\"high\" decoding=\"async\" width=\"625\" height=\"419\" src=\"https:\/\/studienportal-eierstockkrebs.de\/wp-content\/uploads\/AdobeStock_80589382-768x515.jpeg\" class=\"attachment-medium_large size-medium_large wp-image-1906\" alt=\"\" srcset=\"https:\/\/studienportal-eierstockkrebs.de\/wp-content\/uploads\/AdobeStock_80589382-768x515.jpeg 768w, https:\/\/studienportal-eierstockkrebs.de\/wp-content\/uploads\/AdobeStock_80589382-300x201.jpeg 300w, https:\/\/studienportal-eierstockkrebs.de\/wp-content\/uploads\/AdobeStock_80589382-1024x687.jpeg 1024w, https:\/\/studienportal-eierstockkrebs.de\/wp-content\/uploads\/AdobeStock_80589382-1536x1030.jpeg 1536w, https:\/\/studienportal-eierstockkrebs.de\/wp-content\/uploads\/AdobeStock_80589382-2048x1373.jpeg 2048w, https:\/\/studienportal-eierstockkrebs.de\/wp-content\/uploads\/AdobeStock_80589382-624x418.jpeg 624w\" sizes=\"(max-width: 625px) 100vw, 625px\" \/>\t\t\t\t\t\t\t\t\t\t\t\t\t\t\t<\/div>\n\t\t\t\t<\/div>\n\t\t\t\t<div class=\"elementor-element elementor-element-627dade5 elementor-widget elementor-widget-text-editor\" data-id=\"627dade5\" data-element_type=\"widget\" data-e-type=\"widget\" data-widget_type=\"text-editor.default\">\n\t\t\t\t<div class=\"elementor-widget-container\">\n\t\t\t\t\t\t\t\t\t<p>Almanya&#8217;da yakla\u015f\u0131k 3,5 milyon ki\u015fi 70.000 ila 100.000 kendi kendine yard\u0131m grubunda (SHG) aktif olarak \u00e7al\u0131\u015fmaktad\u0131r. Kendi kendine yard\u0131m gruplar\u0131n\u0131n yakla\u015f\u0131k \u00fc\u00e7te ikisi hastal\u0131k ve engellilik alanlar\u0131nda sa\u011fl\u0131kla ilgili konulara odaklanmaktad\u0131r. Bu konular, alerjik ve ast\u0131m hastal\u0131klar\u0131ndan kardiyovask\u00fcler hastal\u0131klara ve bir\u00e7ok t\u00fcm\u00f6r ve kanser hastal\u0131\u011f\u0131na kadar neredeyse t\u00fcm fiziksel hastal\u0131k ve engellilik yelpazesini kapsamaktad\u0131r.    <\/p><p>Kendi kendine yard\u0131m\u0131 &#8220;sa\u011fl\u0131kla ilgili&#8221;, &#8220;psikososyal&#8221; ve &#8220;sosyal&#8221; olarak &#8220;kategorize ederken&#8221; bunun fark\u0131nda olmak \u00f6nemlidir: Kendi kendine yard\u0131m gruplar\u0131n\u0131n \u00e7al\u0131\u015fmalar\u0131 hi\u00e7bir zaman tek tek konu alanlar\u0131n\u0131n net bir \u015fekilde ayr\u0131lmas\u0131yla ilgili olamaz. \u00c7\u00fcnk\u00fc sa\u011fl\u0131kla ilgili bir\u00e7ok kendi kendine yard\u0131m grubu ayn\u0131 zamanda bir\u00e7ok sosyal konuda da faaliyet g\u00f6stermekte ve \u00e7al\u0131\u015fmalar\u0131n\u0131 daha geni\u015f bir sa\u011fl\u0131k anlay\u0131\u015f\u0131na dayand\u0131rmaktad\u0131r. <\/p><p>Psikososyal ve sosyal kendi kendine yard\u0131m gruplar\u0131 da kendi odak konular\u0131 dahilinde sa\u011fl\u0131kla ilgili hususlar\u0131 ele almaktad\u0131r.<\/p>\t\t\t\t\t\t\t\t<\/div>\n\t\t\t\t<\/div>\n\t\t\t\t\t<\/div>\n\t\t<\/div>\n\t\t\t\t\t<\/div>\n\t\t<\/section>\n\t\t\t\t<section class=\"elementor-section elementor-top-section elementor-element elementor-element-3cc01307 elementor-section-boxed elementor-section-height-default elementor-section-height-default\" data-id=\"3cc01307\" data-element_type=\"section\" data-e-type=\"section\">\n\t\t\t\t\t\t<div class=\"elementor-container elementor-column-gap-default\">\n\t\t\t\t\t<div class=\"elementor-column elementor-col-100 elementor-top-column elementor-element elementor-element-275f89ff\" data-id=\"275f89ff\" data-element_type=\"column\" data-e-type=\"column\">\n\t\t\t<div class=\"elementor-widget-wrap elementor-element-populated\">\n\t\t\t\t\t\t<div class=\"elementor-element elementor-element-107039db elementor-widget-divider--view-line elementor-widget elementor-widget-divider\" data-id=\"107039db\" data-element_type=\"widget\" data-e-type=\"widget\" data-widget_type=\"divider.default\">\n\t\t\t\t<div class=\"elementor-widget-container\">\n\t\t\t\t\t\t\t<div class=\"elementor-divider\">\n\t\t\t<span class=\"elementor-divider-separator\">\n\t\t\t\t\t\t<\/span>\n\t\t<\/div>\n\t\t\t\t\t\t<\/div>\n\t\t\t\t<\/div>\n\t\t\t\t\t<\/div>\n\t\t<\/div>\n\t\t\t\t\t<\/div>\n\t\t<\/section>\n\t\t\t\t<section class=\"elementor-section elementor-top-section elementor-element elementor-element-5e93c23 elementor-section-boxed elementor-section-height-default elementor-section-height-default\" data-id=\"5e93c23\" data-element_type=\"section\" data-e-type=\"section\">\n\t\t\t\t\t\t<div class=\"elementor-container elementor-column-gap-default\">\n\t\t\t\t\t<div class=\"elementor-column elementor-col-100 elementor-top-column elementor-element elementor-element-c403c1c\" data-id=\"c403c1c\" data-element_type=\"column\" data-e-type=\"column\">\n\t\t\t<div class=\"elementor-widget-wrap elementor-element-populated\">\n\t\t\t\t\t\t<div class=\"elementor-element elementor-element-9328f85 elementor-widget elementor-widget-text-editor\" data-id=\"9328f85\" data-element_type=\"widget\" data-e-type=\"widget\" data-widget_type=\"text-editor.default\">\n\t\t\t\t<div class=\"elementor-widget-container\">\n\t\t\t\t\t\t\t\t\t<h2 class=\"red\">Kendi kendine yard\u0131m i\u00e7in ileti\u015fim ve irtibat noktalar\u0131<\/h2><p>Yumurtal\u0131k kanseri destek gruplar\u0131n\u0131n \u00e7al\u0131\u015fmalar\u0131 hakk\u0131nda daha fazla bilgi edinmek isterseniz, web sitelerine bir g\u00f6z atman\u0131z yeterli:<\/p><ul><li><a href=\"https:\/\/www.ovarsh.de\/\" target=\"_blank\" rel=\"noopener\">www.ovarsh.de<\/a><\/li><li><a href=\"https:\/\/www.frauenselbsthilfe.de\/\" target=\"_blank\" rel=\"noopener\">www.frauenselbsthilfe.de<\/a><\/li><li><a href=\"https:\/\/www.netzwerkstattkrebs.de\/\" target=\"_blank\" rel=\"noopener\">www.netzwerkstattkrebs.de<\/a><\/li><li><a href=\"https:\/\/junge-erwachsene-mit-krebs.de\/\" target=\"_blank\" rel=\"noopener\">www.junge-erwachsene-mit-krebs.de<\/a><\/li><li><a href=\"http:\/\/www.brca-netzwerk.de\/\" target=\"_blank\" rel=\"noopener\">www.brca-netzwerk.de<\/a><\/li><\/ul>\t\t\t\t\t\t\t\t<\/div>\n\t\t\t\t<\/div>\n\t\t\t\t\t<\/div>\n\t\t<\/div>\n\t\t\t\t\t<\/div>\n\t\t<\/section>\n\t\t\t\t<section class=\"elementor-section elementor-top-section elementor-element elementor-element-e8d4fb5 elementor-section-boxed elementor-section-height-default elementor-section-height-default\" data-id=\"e8d4fb5\" data-element_type=\"section\" data-e-type=\"section\">\n\t\t\t\t\t\t<div class=\"elementor-container elementor-column-gap-default\">\n\t\t\t\t\t<div class=\"elementor-column elementor-col-100 elementor-top-column elementor-element elementor-element-0659b9b\" data-id=\"0659b9b\" data-element_type=\"column\" data-e-type=\"column\">\n\t\t\t<div class=\"elementor-widget-wrap elementor-element-populated\">\n\t\t\t\t\t\t<div class=\"elementor-element elementor-element-6aaf170 elementor-widget-divider--view-line elementor-widget elementor-widget-divider\" data-id=\"6aaf170\" data-element_type=\"widget\" data-e-type=\"widget\" data-widget_type=\"divider.default\">\n\t\t\t\t<div class=\"elementor-widget-container\">\n\t\t\t\t\t\t\t<div class=\"elementor-divider\">\n\t\t\t<span class=\"elementor-divider-separator\">\n\t\t\t\t\t\t<\/span>\n\t\t<\/div>\n\t\t\t\t\t\t<\/div>\n\t\t\t\t<\/div>\n\t\t\t\t\t<\/div>\n\t\t<\/div>\n\t\t\t\t\t<\/div>\n\t\t<\/section>\n\t\t\t\t<section class=\"elementor-section elementor-top-section elementor-element elementor-element-61d5baee elementor-section-boxed elementor-section-height-default elementor-section-height-default\" data-id=\"61d5baee\" data-element_type=\"section\" data-e-type=\"section\">\n\t\t\t\t\t\t<div class=\"elementor-container elementor-column-gap-default\">\n\t\t\t\t\t<div class=\"elementor-column elementor-col-100 elementor-top-column elementor-element elementor-element-5a09df40\" data-id=\"5a09df40\" data-element_type=\"column\" data-e-type=\"column\">\n\t\t\t<div class=\"elementor-widget-wrap elementor-element-populated\">\n\t\t\t\t\t\t<div class=\"elementor-element elementor-element-24ae01f8 elementor-widget elementor-widget-button\" data-id=\"24ae01f8\" data-element_type=\"widget\" data-e-type=\"widget\" data-widget_type=\"button.default\">\n\t\t\t\t<div class=\"elementor-widget-container\">\n\t\t\t\t\t\t\t\t\t<div class=\"elementor-button-wrapper\">\n\t\t\t\t\t<a class=\"elementor-button elementor-button-link elementor-size-sm\" href=\"http:\/\/studienportal-eierstockkrebs.de\/ueber-eierstockkrebs\/\" target=\"_blank\">\n\t\t\t\t\t\t<span class=\"elementor-button-content-wrapper\">\n\t\t\t\t\t\t<span class=\"elementor-button-icon\">\n\t\t\t\t<svg aria-hidden=\"true\" class=\"e-font-icon-svg e-fas-arrow-right\" viewBox=\"0 0 448 512\" xmlns=\"http:\/\/www.w3.org\/2000\/svg\"><path d=\"M190.5 66.9l22.2-22.2c9.4-9.4 24.6-9.4 33.9 0L441 239c9.4 9.4 9.4 24.6 0 33.9L246.6 467.3c-9.4 9.4-24.6 9.4-33.9 0l-22.2-22.2c-9.5-9.5-9.3-25 .4-34.3L311.4 296H24c-13.3 0-24-10.7-24-24v-32c0-13.3 10.7-24 24-24h287.4L190.9 101.2c-9.8-9.3-10-24.8-.4-34.3z\"><\/path><\/svg>\t\t\t<\/span>\n\t\t\t\t\t\t\t\t\t<span class=\"elementor-button-text\">Yumurtal\u0131k kanseri hakk\u0131nda<\/span>\n\t\t\t\t\t<\/span>\n\t\t\t\t\t<\/a>\n\t\t\t\t<\/div>\n\t\t\t\t\t\t\t\t<\/div>\n\t\t\t\t<\/div>\n\t\t\t\t\t<\/div>\n\t\t<\/div>\n\t\t\t\t\t<\/div>\n\t\t<\/section>\n\t\t\t\t<\/div>\n\t\t","protected":false},"excerpt":{"rendered":"<p>Kendi kendine yard\u0131m gruplar\u0131 ve toplulukYumurtal\u0131k kanseri i\u00e7in dan\u0131\u015fmanl\u0131k ve destek Almanya&#8217;da yakla\u015f\u0131k 3,5 milyon ki\u015fi 70.000 ila 100.000 kendi kendine yard\u0131m grubunda (SHG) aktif olarak \u00e7al\u0131\u015fmaktad\u0131r. Kendi kendine yard\u0131m gruplar\u0131n\u0131n yakla\u015f\u0131k \u00fc\u00e7te ikisi hastal\u0131k ve engellilik alanlar\u0131nda sa\u011fl\u0131kla ilgili konulara odaklanmaktad\u0131r. Bu konular, alerjik ve ast\u0131m hastal\u0131klar\u0131ndan kardiyovask\u00fcler hastal\u0131klara ve bir\u00e7ok t\u00fcm\u00f6r ve kanser [&hellip;]<\/p>\n","protected":false},"author":5,"featured_media":0,"parent":0,"menu_order":0,"comment_status":"closed","ping_status":"closed","template":"","meta":{"_acf_changed":false,"footnotes":""},"class_list":["post-1904","page","type-page","status-publish","hentry"],"acf":[],"_links":{"self":[{"href":"https:\/\/studienportal-eierstockkrebs.de\/tr\/wp-json\/wp\/v2\/pages\/1904","targetHints":{"allow":["GET"]}}],"collection":[{"href":"https:\/\/studienportal-eierstockkrebs.de\/tr\/wp-json\/wp\/v2\/pages"}],"about":[{"href":"https:\/\/studienportal-eierstockkrebs.de\/tr\/wp-json\/wp\/v2\/types\/page"}],"author":[{"embeddable":true,"href":"https:\/\/studienportal-eierstockkrebs.de\/tr\/wp-json\/wp\/v2\/users\/5"}],"replies":[{"embeddable":true,"href":"https:\/\/studienportal-eierstockkrebs.de\/tr\/wp-json\/wp\/v2\/comments?post=1904"}],"version-history":[{"count":3,"href":"https:\/\/studienportal-eierstockkrebs.de\/tr\/wp-json\/wp\/v2\/pages\/1904\/revisions"}],"predecessor-version":[{"id":1909,"href":"https:\/\/studienportal-eierstockkrebs.de\/tr\/wp-json\/wp\/v2\/pages\/1904\/revisions\/1909"}],"wp:attachment":[{"href":"https:\/\/studienportal-eierstockkrebs.de\/tr\/wp-json\/wp\/v2\/media?parent=1904"}],"curies":[{"name":"wp","href":"https:\/\/api.w.org\/{rel}","templated":true}]}}