{"id":1912,"date":"2024-08-30T21:56:24","date_gmt":"2024-08-30T19:56:24","guid":{"rendered":"https:\/\/studienportal-eierstockkrebs.de\/kuenye\/"},"modified":"2026-02-13T12:11:27","modified_gmt":"2026-02-13T11:11:27","slug":"kuenye","status":"publish","type":"page","link":"https:\/\/studienportal-eierstockkrebs.de\/tr\/kuenye\/","title":{"rendered":"K\u00fcnye"},"content":{"rendered":"\t\t<div data-elementor-type=\"wp-page\" data-elementor-id=\"1912\" class=\"elementor elementor-1912 elementor-100\">\n\t\t\t\t\t\t<section class=\"elementor-section elementor-top-section elementor-element elementor-element-10199155 elementor-section-boxed elementor-section-height-default elementor-section-height-default\" data-id=\"10199155\" data-element_type=\"section\" data-e-type=\"section\">\n\t\t\t\t\t\t<div class=\"elementor-container elementor-column-gap-default\">\n\t\t\t\t\t<div class=\"elementor-column elementor-col-100 elementor-top-column elementor-element elementor-element-5cc32c9a\" data-id=\"5cc32c9a\" data-element_type=\"column\" data-e-type=\"column\">\n\t\t\t<div class=\"elementor-widget-wrap elementor-element-populated\">\n\t\t\t\t\t\t<div class=\"elementor-element elementor-element-f6b746c elementor-widget elementor-widget-heading\" data-id=\"f6b746c\" data-element_type=\"widget\" data-e-type=\"widget\" data-widget_type=\"heading.default\">\n\t\t\t\t<div class=\"elementor-widget-container\">\n\t\t\t\t\t<h1 class=\"elementor-heading-title elementor-size-default\"><strong>K\u00fcnye<\/strong><\/h1>\t\t\t\t<\/div>\n\t\t\t\t<\/div>\n\t\t\t\t\t<\/div>\n\t\t<\/div>\n\t\t\t\t\t<\/div>\n\t\t<\/section>\n\t\t\t\t<section class=\"elementor-section elementor-top-section elementor-element elementor-element-581b2487 elementor-section-boxed elementor-section-height-default elementor-section-height-default\" data-id=\"581b2487\" data-element_type=\"section\" data-e-type=\"section\">\n\t\t\t\t\t\t<div class=\"elementor-container elementor-column-gap-default\">\n\t\t\t\t\t<div class=\"elementor-column elementor-col-100 elementor-top-column elementor-element elementor-element-171489bf\" data-id=\"171489bf\" data-element_type=\"column\" data-e-type=\"column\">\n\t\t\t<div class=\"elementor-widget-wrap elementor-element-populated\">\n\t\t\t\t\t\t<div class=\"elementor-element elementor-element-faa4244 elementor-widget elementor-widget-text-editor\" data-id=\"faa4244\" data-element_type=\"widget\" data-e-type=\"widget\" data-widget_type=\"text-editor.default\">\n\t\t\t\t<div class=\"elementor-widget-container\">\n\t\t\t\t\t\t\t\t\t<p><strong>Fikir ve y\u00f6netim:<\/strong><br>Prof. Dr. med. hc. Dr. Jalid Sehouli<br>Susanne Fechner <\/p><p><strong>D\u00fczenleme ve koordinasyon:<\/strong><br>AVISOmed medizin+media<\/p><p><strong>Web tasar\u0131m\u0131:<\/strong><br><a style=\"font-weight: 400 !important; text-decoration: none; color: #545454;\" href=\"https:\/\/vorsichtbissig.de\/\" target=\"_blank\" rel=\"noopener\">Christian Suhr<\/a><\/p><p><strong>\u0130leti\u015fim:<br><\/strong>AVISOmed medizin+media<br>Friedelstr. 56<br>12047 Berlin<br>+49 30 346 496 459 <br><a href=\"mailto:info@avisomed.de\">info@avisomed.de<\/a><br><a href=\"http:\/\/www.avisomed.de\" target=\"_blank\" rel=\"noopener\">www.avisomed.de<\/a><\/p><p><strong>\u0130\u00e7erik sorumlusu (\u00a7 55 Abs. 2 RStV&#8217;ye g\u00f6re):<\/strong><br>Susanne Fechner<\/p><p><a href=\"https:\/\/stiftung-eierstockkrebs.de\/\" target=\"_blank\" rel=\"noopener\">Alman Yumurtal\u0131k Kanseri Vakf\u0131<\/a>, <a href=\"https:\/\/www.noggo.de\/\" target=\"_blank\" rel=\"noopener\">NOGGO e.V.<\/a> ve <a href=\"https:\/\/ago-ovar.de\/\" target=\"_blank\" rel=\"noopener\">AGO \u00c7al\u0131\u015fma Grubu<\/a> ile i\u015fbirli\u011fi i\u00e7inde <a href=\"https:\/\/forum-gyn-onkologie.de\/\" target=\"_blank\" rel=\"noopener\">Forum Gyn Onkologie<\/a> &#8216;nin bir giri\u015fimidir.<\/p>\t\t\t\t\t\t\t\t<\/div>\n\t\t\t\t<\/div>\n\t\t\t\t\t<\/div>\n\t\t<\/div>\n\t\t\t\t\t<\/div>\n\t\t<\/section>\n\t\t\t\t<\/div>\n\t\t","protected":false},"excerpt":{"rendered":"<p>K\u00fcnye Fikir ve y\u00f6netim:Prof. Dr. med. hc. Dr. Jalid SehouliSusanne Fechner D\u00fczenleme ve koordinasyon:AVISOmed medizin+media Web tasar\u0131m\u0131:Christian Suhr \u0130leti\u015fim:AVISOmed medizin+mediaFriedelstr. 5612047 Berlin+49 30 346 496 459 info@avisomed.dewww.avisomed.de \u0130\u00e7erik sorumlusu (\u00a7 55 Abs. 2 RStV&#8217;ye g\u00f6re):Susanne Fechner Alman Yumurtal\u0131k Kanseri Vakf\u0131, NOGGO e.V. ve AGO \u00c7al\u0131\u015fma Grubu ile i\u015fbirli\u011fi i\u00e7inde Forum Gyn Onkologie &#8216;nin bir giri\u015fimidir.<\/p>\n","protected":false},"author":1,"featured_media":0,"parent":0,"menu_order":0,"comment_status":"closed","ping_status":"closed","template":"","meta":{"_acf_changed":false,"footnotes":""},"class_list":["post-1912","page","type-page","status-publish","hentry"],"acf":[],"_links":{"self":[{"href":"https:\/\/studienportal-eierstockkrebs.de\/tr\/wp-json\/wp\/v2\/pages\/1912","targetHints":{"allow":["GET"]}}],"collection":[{"href":"https:\/\/studienportal-eierstockkrebs.de\/tr\/wp-json\/wp\/v2\/pages"}],"about":[{"href":"https:\/\/studienportal-eierstockkrebs.de\/tr\/wp-json\/wp\/v2\/types\/page"}],"author":[{"embeddable":true,"href":"https:\/\/studienportal-eierstockkrebs.de\/tr\/wp-json\/wp\/v2\/users\/1"}],"replies":[{"embeddable":true,"href":"https:\/\/studienportal-eierstockkrebs.de\/tr\/wp-json\/wp\/v2\/comments?post=1912"}],"version-history":[{"count":1,"href":"https:\/\/studienportal-eierstockkrebs.de\/tr\/wp-json\/wp\/v2\/pages\/1912\/revisions"}],"predecessor-version":[{"id":1913,"href":"https:\/\/studienportal-eierstockkrebs.de\/tr\/wp-json\/wp\/v2\/pages\/1912\/revisions\/1913"}],"wp:attachment":[{"href":"https:\/\/studienportal-eierstockkrebs.de\/tr\/wp-json\/wp\/v2\/media?parent=1912"}],"curies":[{"name":"wp","href":"https:\/\/api.w.org\/{rel}","templated":true}]}}