{"id":2167,"date":"2024-08-30T21:56:24","date_gmt":"2024-08-30T19:56:24","guid":{"rendered":"https:\/\/studienportal-eierstockkrebs.de\/dau-an\/"},"modified":"2026-02-13T13:22:46","modified_gmt":"2026-02-13T12:22:46","slug":"dau-an","status":"publish","type":"page","link":"https:\/\/studienportal-eierstockkrebs.de\/vi\/dau-an\/","title":{"rendered":"d\u1ea5u \u1ea5n"},"content":{"rendered":"\t\t<div data-elementor-type=\"wp-page\" data-elementor-id=\"2167\" class=\"elementor elementor-2167 elementor-100\">\n\t\t\t\t\t\t<section class=\"elementor-section elementor-top-section elementor-element elementor-element-10199155 elementor-section-boxed elementor-section-height-default elementor-section-height-default\" data-id=\"10199155\" data-element_type=\"section\" data-e-type=\"section\">\n\t\t\t\t\t\t<div class=\"elementor-container elementor-column-gap-default\">\n\t\t\t\t\t<div class=\"elementor-column elementor-col-100 elementor-top-column elementor-element elementor-element-5cc32c9a\" data-id=\"5cc32c9a\" data-element_type=\"column\" data-e-type=\"column\">\n\t\t\t<div class=\"elementor-widget-wrap elementor-element-populated\">\n\t\t\t\t\t\t<div class=\"elementor-element elementor-element-f6b746c elementor-widget elementor-widget-heading\" data-id=\"f6b746c\" data-element_type=\"widget\" data-e-type=\"widget\" data-widget_type=\"heading.default\">\n\t\t\t\t<div class=\"elementor-widget-container\">\n\t\t\t\t\t<h1 class=\"elementor-heading-title elementor-size-default\"><strong>d\u1ea5u \u1ea5n<\/strong><\/h1>\t\t\t\t<\/div>\n\t\t\t\t<\/div>\n\t\t\t\t\t<\/div>\n\t\t<\/div>\n\t\t\t\t\t<\/div>\n\t\t<\/section>\n\t\t\t\t<section class=\"elementor-section elementor-top-section elementor-element elementor-element-581b2487 elementor-section-boxed elementor-section-height-default elementor-section-height-default\" data-id=\"581b2487\" data-element_type=\"section\" data-e-type=\"section\">\n\t\t\t\t\t\t<div class=\"elementor-container elementor-column-gap-default\">\n\t\t\t\t\t<div class=\"elementor-column elementor-col-100 elementor-top-column elementor-element elementor-element-171489bf\" data-id=\"171489bf\" data-element_type=\"column\" data-e-type=\"column\">\n\t\t\t<div class=\"elementor-widget-wrap elementor-element-populated\">\n\t\t\t\t\t\t<div class=\"elementor-element elementor-element-faa4244 elementor-widget elementor-widget-text-editor\" data-id=\"faa4244\" data-element_type=\"widget\" data-e-type=\"widget\" data-widget_type=\"text-editor.default\">\n\t\t\t\t<div class=\"elementor-widget-container\">\n\t\t\t\t\t\t\t\t\t<p><strong>\u00dd t\u01b0\u1edfng v\u00e0 \u0111\u1ecbnh h\u01b0\u1edbng:<\/strong><br> Gi\u00e1o s\u01b0 Ti\u1ebfn s\u0129 y khoa. hc. Ti\u1ebfn s\u0129 Jalid Sehouli<br> Susanne Fechner <\/p><p><strong>Nh\u00f3m bi\u00ean t\u1eadp v\u00e0 \u0111i\u1ec1u ph\u1ed1i:<\/strong><br> AVISOmed medical+media<\/p><p><strong>Thi\u1ebft k\u1ebf web:<\/strong><br> <a style=\"font-weight: 400 !important; text-decoration: none; color: #545454;\" href=\"https:\/\/vorsichtbissig.de\/\" target=\"_blank\" rel=\"noopener\">Christian Suhr<\/a><\/p><p><strong>Li\u00ean h\u1ec7:<br><\/strong> AVISOmed medical+media<br> S\u1ed1 56 \u0111\u01b0\u1eddng Friedels<br> 12047 Berlin<br> +49 30 346 496 459 <br><a href=\"mailto:info@avisomed.de\">info@avisomed.de<\/a><br><a href=\"http:\/\/www.avisomed.de\" target=\"_blank\" rel=\"noopener\">www.avisomed.de<\/a><\/p><p><strong>Ng\u01b0\u1eddi ch\u1ecbu tr\u00e1ch nhi\u1ec7m v\u1ec1 n\u1ed9i dung (theo \u00a7 55 kho\u1ea3n 2 RStV):<\/strong><br> Susanne Fechner<\/p><p>M\u1ed9t s\u00e1ng ki\u1ebfn \u200b\u200bc\u1ee7a <a href=\"https:\/\/forum-gyn-onkologie.de\/\" target=\"_blank\" rel=\"noopener\">Di\u1ec5n \u0111\u00e0n Ung th\u01b0 Ph\u1ee5 khoa<\/a> ph\u1ed1i h\u1ee3p v\u1edbi <a href=\"https:\/\/stiftung-eierstockkrebs.de\/\" target=\"_blank\" rel=\"noopener\">Qu\u1ef9 Ung th\u01b0 Bu\u1ed3ng tr\u1ee9ng \u0110\u1ee9c<\/a> , <a href=\"https:\/\/www.noggo.de\/\" target=\"_blank\" rel=\"noopener\">NOGGO eV<\/a> v\u00e0 <a href=\"https:\/\/ago-ovar.de\/\" target=\"_blank\" rel=\"noopener\">Nh\u00f3m Nghi\u00ean c\u1ee9u AGO<\/a> .<\/p>\t\t\t\t\t\t\t\t<\/div>\n\t\t\t\t<\/div>\n\t\t\t\t\t<\/div>\n\t\t<\/div>\n\t\t\t\t\t<\/div>\n\t\t<\/section>\n\t\t\t\t<\/div>\n\t\t","protected":false},"excerpt":{"rendered":"<p>d\u1ea5u \u1ea5n \u00dd t\u01b0\u1edfng v\u00e0 \u0111\u1ecbnh h\u01b0\u1edbng: Gi\u00e1o s\u01b0 Ti\u1ebfn s\u0129 y khoa. hc. Ti\u1ebfn s\u0129 Jalid Sehouli Susanne Fechner Nh\u00f3m bi\u00ean t\u1eadp v\u00e0 \u0111i\u1ec1u ph\u1ed1i: AVISOmed medical+media Thi\u1ebft k\u1ebf web: Christian Suhr Li\u00ean h\u1ec7: AVISOmed medical+media S\u1ed1 56 \u0111\u01b0\u1eddng Friedels 12047 Berlin +49 30 346 496 459 info@avisomed.dewww.avisomed.de Ng\u01b0\u1eddi ch\u1ecbu tr\u00e1ch nhi\u1ec7m v\u1ec1 n\u1ed9i [&hellip;]<\/p>\n","protected":false},"author":1,"featured_media":0,"parent":0,"menu_order":0,"comment_status":"closed","ping_status":"closed","template":"","meta":{"_acf_changed":false,"footnotes":""},"class_list":["post-2167","page","type-page","status-publish","hentry"],"acf":[],"_links":{"self":[{"href":"https:\/\/studienportal-eierstockkrebs.de\/vi\/wp-json\/wp\/v2\/pages\/2167","targetHints":{"allow":["GET"]}}],"collection":[{"href":"https:\/\/studienportal-eierstockkrebs.de\/vi\/wp-json\/wp\/v2\/pages"}],"about":[{"href":"https:\/\/studienportal-eierstockkrebs.de\/vi\/wp-json\/wp\/v2\/types\/page"}],"author":[{"embeddable":true,"href":"https:\/\/studienportal-eierstockkrebs.de\/vi\/wp-json\/wp\/v2\/users\/1"}],"replies":[{"embeddable":true,"href":"https:\/\/studienportal-eierstockkrebs.de\/vi\/wp-json\/wp\/v2\/comments?post=2167"}],"version-history":[{"count":1,"href":"https:\/\/studienportal-eierstockkrebs.de\/vi\/wp-json\/wp\/v2\/pages\/2167\/revisions"}],"predecessor-version":[{"id":2173,"href":"https:\/\/studienportal-eierstockkrebs.de\/vi\/wp-json\/wp\/v2\/pages\/2167\/revisions\/2173"}],"wp:attachment":[{"href":"https:\/\/studienportal-eierstockkrebs.de\/vi\/wp-json\/wp\/v2\/media?parent=2167"}],"curies":[{"name":"wp","href":"https:\/\/api.w.org\/{rel}","templated":true}]}}