{"id":2206,"date":"2026-01-23T12:51:38","date_gmt":"2026-01-23T11:51:38","guid":{"rendered":"https:\/\/studienportal-eierstockkrebs.de\/cac-nhom-tu-luc\/"},"modified":"2026-02-13T13:23:02","modified_gmt":"2026-02-13T12:23:02","slug":"cac-nhom-tu-luc","status":"publish","type":"page","link":"https:\/\/studienportal-eierstockkrebs.de\/vi\/cac-nhom-tu-luc\/","title":{"rendered":"c\u00e1c nh\u00f3m t\u1ef1 l\u1ef1c"},"content":{"rendered":"\t\t<div data-elementor-type=\"wp-page\" data-elementor-id=\"2206\" class=\"elementor elementor-2206 elementor-1037\">\n\t\t\t\t\t\t<section class=\"elementor-section elementor-top-section elementor-element elementor-element-74719a2a elementor-section-boxed elementor-section-height-default elementor-section-height-default\" data-id=\"74719a2a\" data-element_type=\"section\" data-e-type=\"section\">\n\t\t\t\t\t\t<div class=\"elementor-container elementor-column-gap-default\">\n\t\t\t\t\t<div class=\"elementor-column elementor-col-100 elementor-top-column elementor-element elementor-element-64e52e85\" data-id=\"64e52e85\" data-element_type=\"column\" data-e-type=\"column\">\n\t\t\t<div class=\"elementor-widget-wrap elementor-element-populated\">\n\t\t\t\t\t\t<div class=\"elementor-element elementor-element-50042aff elementor-widget elementor-widget-heading\" data-id=\"50042aff\" data-element_type=\"widget\" data-e-type=\"widget\" data-widget_type=\"heading.default\">\n\t\t\t\t<div class=\"elementor-widget-container\">\n\t\t\t\t\t<h1 class=\"elementor-heading-title elementor-size-default\"><strong>C\u00e1c nh\u00f3m t\u1ef1 l\u1ef1c v\u00e0 c\u1ed9ng \u0111\u1ed3ng<\/strong><br> T\u01b0 v\u1ea5n v\u00e0 h\u1ed7 tr\u1ee3 cho b\u1ec7nh ung th\u01b0 bu\u1ed3ng tr\u1ee9ng<\/h1>\t\t\t\t<\/div>\n\t\t\t\t<\/div>\n\t\t\t\t\t<\/div>\n\t\t<\/div>\n\t\t\t\t\t<\/div>\n\t\t<\/section>\n\t\t\t\t<section class=\"elementor-section elementor-top-section elementor-element elementor-element-11777b6f elementor-section-boxed elementor-section-height-default elementor-section-height-default\" data-id=\"11777b6f\" data-element_type=\"section\" data-e-type=\"section\">\n\t\t\t\t\t\t<div class=\"elementor-container elementor-column-gap-default\">\n\t\t\t\t\t<div class=\"elementor-column elementor-col-100 elementor-top-column elementor-element elementor-element-7fc89ef5\" data-id=\"7fc89ef5\" data-element_type=\"column\" data-e-type=\"column\">\n\t\t\t<div class=\"elementor-widget-wrap elementor-element-populated\">\n\t\t\t\t\t\t<div class=\"elementor-element elementor-element-7fd3d38e elementor-widget elementor-widget-image\" data-id=\"7fd3d38e\" data-element_type=\"widget\" data-e-type=\"widget\" data-widget_type=\"image.default\">\n\t\t\t\t<div class=\"elementor-widget-container\">\n\t\t\t\t\t\t\t\t\t\t\t\t\t\t\t<img fetchpriority=\"high\" decoding=\"async\" width=\"625\" height=\"419\" src=\"https:\/\/studienportal-eierstockkrebs.de\/wp-content\/uploads\/AdobeStock_80589382-768x515.jpeg\" class=\"attachment-medium_large size-medium_large wp-image-2208\" alt=\"\" srcset=\"https:\/\/studienportal-eierstockkrebs.de\/wp-content\/uploads\/AdobeStock_80589382-768x515.jpeg 768w, https:\/\/studienportal-eierstockkrebs.de\/wp-content\/uploads\/AdobeStock_80589382-300x201.jpeg 300w, https:\/\/studienportal-eierstockkrebs.de\/wp-content\/uploads\/AdobeStock_80589382-1024x687.jpeg 1024w, https:\/\/studienportal-eierstockkrebs.de\/wp-content\/uploads\/AdobeStock_80589382-1536x1030.jpeg 1536w, https:\/\/studienportal-eierstockkrebs.de\/wp-content\/uploads\/AdobeStock_80589382-2048x1373.jpeg 2048w, https:\/\/studienportal-eierstockkrebs.de\/wp-content\/uploads\/AdobeStock_80589382-624x418.jpeg 624w\" sizes=\"(max-width: 625px) 100vw, 625px\" \/>\t\t\t\t\t\t\t\t\t\t\t\t\t\t\t<\/div>\n\t\t\t\t<\/div>\n\t\t\t\t<div class=\"elementor-element elementor-element-627dade5 elementor-widget elementor-widget-text-editor\" data-id=\"627dade5\" data-element_type=\"widget\" data-e-type=\"widget\" data-widget_type=\"text-editor.default\">\n\t\t\t\t<div class=\"elementor-widget-container\">\n\t\t\t\t\t\t\t\t\t<p>T\u1ea1i \u0110\u1ee9c, c\u00f3 kho\u1ea3ng 3,5 tri\u1ec7u ng\u01b0\u1eddi tham gia ho\u1ea1t \u0111\u1ed9ng trong 70.000 \u0111\u1ebfn 100.000 nh\u00f3m t\u1ef1 l\u1ef1c (SHG). Kho\u1ea3ng hai ph\u1ea7n ba s\u1ed1 nh\u00f3m t\u1ef1 l\u1ef1c n\u00e0y t\u1eadp trung v\u00e0o c\u00e1c ch\u1ee7 \u0111\u1ec1 li\u00ean quan \u0111\u1ebfn s\u1ee9c kh\u1ecfe, \u0111\u1eb7c bi\u1ec7t l\u00e0 b\u1ec7nh t\u1eadt v\u00e0 khuy\u1ebft t\u1eadt. C\u00e1c ch\u1ee7 \u0111\u1ec1 n\u00e0y bao g\u1ed3m h\u1ea7u h\u1ebft m\u1ecdi lo\u1ea1i b\u1ec7nh t\u1eadt v\u00e0 khuy\u1ebft t\u1eadt v\u1ec1 th\u1ec3 ch\u1ea5t, t\u1eeb d\u1ecb \u1ee9ng v\u00e0 hen suy\u1ec5n \u0111\u1ebfn b\u1ec7nh tim m\u1ea1ch v\u00e0 nhi\u1ec1u lo\u1ea1i kh\u1ed1i u v\u00e0 ung th\u01b0.    <\/p><p>Khi ph\u00e2n lo\u1ea1i c\u00e1c nh\u00f3m t\u1ef1 l\u1ef1c th\u00e0nh &#8220;li\u00ean quan \u0111\u1ebfn s\u1ee9c kh\u1ecfe&#8221;, &#8220;t\u00e2m l\u00fd x\u00e3 h\u1ed9i&#8221; v\u00e0 &#8220;x\u00e3 h\u1ed9i&#8221;, \u0111i\u1ec1u quan tr\u1ecdng l\u00e0 ph\u1ea3i hi\u1ec3u r\u1eb1ng c\u00f4ng vi\u1ec7c c\u1ee7a c\u00e1c nh\u00f3m t\u1ef1 l\u1ef1c kh\u00f4ng bao gi\u1edd c\u00f3 th\u1ec3 \u0111\u01b0\u1ee3c t\u00e1ch bi\u1ec7t r\u00f5 r\u00e0ng th\u00e0nh c\u00e1c l\u0129nh v\u1ef1c ri\u00eang l\u1ebb n\u00e0y. Nhi\u1ec1u nh\u00f3m t\u1ef1 l\u1ef1c li\u00ean quan \u0111\u1ebfn s\u1ee9c kh\u1ecfe c\u0169ng t\u00edch c\u1ef1c gi\u1ea3i quy\u1ebft nhi\u1ec1u v\u1ea5n \u0111\u1ec1 x\u00e3 h\u1ed9i v\u00e0 d\u1ef1a tr\u00ean s\u1ef1 hi\u1ec3u bi\u1ebft r\u1ed9ng h\u01a1n v\u1ec1 s\u1ee9c kh\u1ecfe. <\/p><p>T\u01b0\u01a1ng t\u1ef1, c\u00e1c nh\u00f3m t\u1ef1 l\u1ef1c v\u1ec1 t\u00e2m l\u00fd x\u00e3 h\u1ed9i v\u00e0 x\u00e3 h\u1ed9i c\u0169ng \u0111\u1ec1 c\u1eadp \u0111\u1ebfn c\u00e1c kh\u00eda c\u1ea1nh li\u00ean quan \u0111\u1ebfn s\u1ee9c kh\u1ecfe trong ch\u1ee7 \u0111\u1ec1 ch\u00ednh c\u1ee7a h\u1ecd.<\/p>\t\t\t\t\t\t\t\t<\/div>\n\t\t\t\t<\/div>\n\t\t\t\t\t<\/div>\n\t\t<\/div>\n\t\t\t\t\t<\/div>\n\t\t<\/section>\n\t\t\t\t<section class=\"elementor-section elementor-top-section elementor-element elementor-element-3cc01307 elementor-section-boxed elementor-section-height-default elementor-section-height-default\" data-id=\"3cc01307\" data-element_type=\"section\" data-e-type=\"section\">\n\t\t\t\t\t\t<div class=\"elementor-container elementor-column-gap-default\">\n\t\t\t\t\t<div class=\"elementor-column elementor-col-100 elementor-top-column elementor-element elementor-element-275f89ff\" data-id=\"275f89ff\" data-element_type=\"column\" data-e-type=\"column\">\n\t\t\t<div class=\"elementor-widget-wrap elementor-element-populated\">\n\t\t\t\t\t\t<div class=\"elementor-element elementor-element-107039db elementor-widget-divider--view-line elementor-widget elementor-widget-divider\" data-id=\"107039db\" data-element_type=\"widget\" data-e-type=\"widget\" data-widget_type=\"divider.default\">\n\t\t\t\t<div class=\"elementor-widget-container\">\n\t\t\t\t\t\t\t<div class=\"elementor-divider\">\n\t\t\t<span class=\"elementor-divider-separator\">\n\t\t\t\t\t\t<\/span>\n\t\t<\/div>\n\t\t\t\t\t\t<\/div>\n\t\t\t\t<\/div>\n\t\t\t\t\t<\/div>\n\t\t<\/div>\n\t\t\t\t\t<\/div>\n\t\t<\/section>\n\t\t\t\t<section class=\"elementor-section elementor-top-section elementor-element elementor-element-5e93c23 elementor-section-boxed elementor-section-height-default elementor-section-height-default\" data-id=\"5e93c23\" data-element_type=\"section\" data-e-type=\"section\">\n\t\t\t\t\t\t<div class=\"elementor-container elementor-column-gap-default\">\n\t\t\t\t\t<div class=\"elementor-column elementor-col-100 elementor-top-column elementor-element elementor-element-c403c1c\" data-id=\"c403c1c\" data-element_type=\"column\" data-e-type=\"column\">\n\t\t\t<div class=\"elementor-widget-wrap elementor-element-populated\">\n\t\t\t\t\t\t<div class=\"elementor-element elementor-element-9328f85 elementor-widget elementor-widget-text-editor\" data-id=\"9328f85\" data-element_type=\"widget\" data-e-type=\"widget\" data-widget_type=\"text-editor.default\">\n\t\t\t\t<div class=\"elementor-widget-container\">\n\t\t\t\t\t\t\t\t\t<h2 class=\"red\">C\u00e1c li\u00ean h\u1ec7 t\u1ef1 tr\u1ee3 gi\u00fap v\u00e0 \u0111i\u1ec3m li\u00ean l\u1ea1c<\/h2><p>N\u1ebfu b\u1ea1n mu\u1ed1n t\u00ecm hi\u1ec3u th\u00eam v\u1ec1 ho\u1ea1t \u0111\u1ed9ng c\u1ee7a c\u00e1c nh\u00f3m h\u1ed7 tr\u1ee3 b\u1ec7nh nh\u00e2n ung th\u01b0 bu\u1ed3ng tr\u1ee9ng, h\u00e3y truy c\u1eadp c\u00e1c trang web sau:<\/p><ul><li><a href=\"https:\/\/www.ovarsh.de\/\" target=\"_blank\" rel=\"noopener\">www.ovarsh.de<\/a><\/li><li><a href=\"https:\/\/www.frauenselbsthilfe.de\/\" target=\"_blank\" rel=\"noopener\">www.frauenselbsthilfe.de<\/a><\/li><li><a href=\"https:\/\/www.netzwerkstattkrebs.de\/\" target=\"_blank\" rel=\"noopener\">www.netzwerkstattkrebs.de<\/a><\/li><li><a href=\"https:\/\/junge-erwachsene-mit-krebs.de\/\" target=\"_blank\" rel=\"noopener\">www.junge-erwachsene-mit-krebs.de<\/a><\/li><li><a href=\"http:\/\/www.brca-netzwerk.de\/\" target=\"_blank\" rel=\"noopener\">www.brca-netzwerk.de<\/a><\/li><\/ul>\t\t\t\t\t\t\t\t<\/div>\n\t\t\t\t<\/div>\n\t\t\t\t\t<\/div>\n\t\t<\/div>\n\t\t\t\t\t<\/div>\n\t\t<\/section>\n\t\t\t\t<section class=\"elementor-section elementor-top-section elementor-element elementor-element-e8d4fb5 elementor-section-boxed elementor-section-height-default elementor-section-height-default\" data-id=\"e8d4fb5\" data-element_type=\"section\" data-e-type=\"section\">\n\t\t\t\t\t\t<div class=\"elementor-container elementor-column-gap-default\">\n\t\t\t\t\t<div class=\"elementor-column elementor-col-100 elementor-top-column elementor-element elementor-element-0659b9b\" data-id=\"0659b9b\" data-element_type=\"column\" data-e-type=\"column\">\n\t\t\t<div class=\"elementor-widget-wrap elementor-element-populated\">\n\t\t\t\t\t\t<div class=\"elementor-element elementor-element-6aaf170 elementor-widget-divider--view-line elementor-widget elementor-widget-divider\" data-id=\"6aaf170\" data-element_type=\"widget\" data-e-type=\"widget\" data-widget_type=\"divider.default\">\n\t\t\t\t<div class=\"elementor-widget-container\">\n\t\t\t\t\t\t\t<div class=\"elementor-divider\">\n\t\t\t<span class=\"elementor-divider-separator\">\n\t\t\t\t\t\t<\/span>\n\t\t<\/div>\n\t\t\t\t\t\t<\/div>\n\t\t\t\t<\/div>\n\t\t\t\t\t<\/div>\n\t\t<\/div>\n\t\t\t\t\t<\/div>\n\t\t<\/section>\n\t\t\t\t<section class=\"elementor-section elementor-top-section elementor-element elementor-element-61d5baee elementor-section-boxed elementor-section-height-default elementor-section-height-default\" data-id=\"61d5baee\" data-element_type=\"section\" data-e-type=\"section\">\n\t\t\t\t\t\t<div class=\"elementor-container elementor-column-gap-default\">\n\t\t\t\t\t<div class=\"elementor-column elementor-col-100 elementor-top-column elementor-element elementor-element-5a09df40\" data-id=\"5a09df40\" data-element_type=\"column\" data-e-type=\"column\">\n\t\t\t<div class=\"elementor-widget-wrap elementor-element-populated\">\n\t\t\t\t\t\t<div class=\"elementor-element elementor-element-24ae01f8 elementor-widget elementor-widget-button\" data-id=\"24ae01f8\" data-element_type=\"widget\" data-e-type=\"widget\" data-widget_type=\"button.default\">\n\t\t\t\t<div class=\"elementor-widget-container\">\n\t\t\t\t\t\t\t\t\t<div class=\"elementor-button-wrapper\">\n\t\t\t\t\t<a class=\"elementor-button elementor-button-link elementor-size-sm\" href=\"http:\/\/studienportal-eierstockkrebs.de\/ueber-eierstockkrebs\/\" target=\"_blank\">\n\t\t\t\t\t\t<span class=\"elementor-button-content-wrapper\">\n\t\t\t\t\t\t<span class=\"elementor-button-icon\">\n\t\t\t\t<svg aria-hidden=\"true\" class=\"e-font-icon-svg e-fas-arrow-right\" viewBox=\"0 0 448 512\" xmlns=\"http:\/\/www.w3.org\/2000\/svg\"><path d=\"M190.5 66.9l22.2-22.2c9.4-9.4 24.6-9.4 33.9 0L441 239c9.4 9.4 9.4 24.6 0 33.9L246.6 467.3c-9.4 9.4-24.6 9.4-33.9 0l-22.2-22.2c-9.5-9.5-9.3-25 .4-34.3L311.4 296H24c-13.3 0-24-10.7-24-24v-32c0-13.3 10.7-24 24-24h287.4L190.9 101.2c-9.8-9.3-10-24.8-.4-34.3z\"><\/path><\/svg>\t\t\t<\/span>\n\t\t\t\t\t\t\t\t\t<span class=\"elementor-button-text\">Th\u00f4ng tin v\u1ec1 ung th\u01b0 bu\u1ed3ng tr\u1ee9ng<\/span>\n\t\t\t\t\t<\/span>\n\t\t\t\t\t<\/a>\n\t\t\t\t<\/div>\n\t\t\t\t\t\t\t\t<\/div>\n\t\t\t\t<\/div>\n\t\t\t\t\t<\/div>\n\t\t<\/div>\n\t\t\t\t\t<\/div>\n\t\t<\/section>\n\t\t\t\t<\/div>\n\t\t","protected":false},"excerpt":{"rendered":"<p>C\u00e1c nh\u00f3m t\u1ef1 l\u1ef1c v\u00e0 c\u1ed9ng \u0111\u1ed3ng T\u01b0 v\u1ea5n v\u00e0 h\u1ed7 tr\u1ee3 cho b\u1ec7nh ung th\u01b0 bu\u1ed3ng tr\u1ee9ng T\u1ea1i \u0110\u1ee9c, c\u00f3 kho\u1ea3ng 3,5 tri\u1ec7u ng\u01b0\u1eddi tham gia ho\u1ea1t \u0111\u1ed9ng trong 70.000 \u0111\u1ebfn 100.000 nh\u00f3m t\u1ef1 l\u1ef1c (SHG). Kho\u1ea3ng hai ph\u1ea7n ba s\u1ed1 nh\u00f3m t\u1ef1 l\u1ef1c n\u00e0y t\u1eadp trung v\u00e0o c\u00e1c ch\u1ee7 \u0111\u1ec1 li\u00ean quan \u0111\u1ebfn [&hellip;]<\/p>\n","protected":false},"author":5,"featured_media":0,"parent":0,"menu_order":0,"comment_status":"closed","ping_status":"closed","template":"","meta":{"_acf_changed":false,"footnotes":""},"class_list":["post-2206","page","type-page","status-publish","hentry"],"acf":[],"_links":{"self":[{"href":"https:\/\/studienportal-eierstockkrebs.de\/vi\/wp-json\/wp\/v2\/pages\/2206","targetHints":{"allow":["GET"]}}],"collection":[{"href":"https:\/\/studienportal-eierstockkrebs.de\/vi\/wp-json\/wp\/v2\/pages"}],"about":[{"href":"https:\/\/studienportal-eierstockkrebs.de\/vi\/wp-json\/wp\/v2\/types\/page"}],"author":[{"embeddable":true,"href":"https:\/\/studienportal-eierstockkrebs.de\/vi\/wp-json\/wp\/v2\/users\/5"}],"replies":[{"embeddable":true,"href":"https:\/\/studienportal-eierstockkrebs.de\/vi\/wp-json\/wp\/v2\/comments?post=2206"}],"version-history":[{"count":1,"href":"https:\/\/studienportal-eierstockkrebs.de\/vi\/wp-json\/wp\/v2\/pages\/2206\/revisions"}],"predecessor-version":[{"id":2210,"href":"https:\/\/studienportal-eierstockkrebs.de\/vi\/wp-json\/wp\/v2\/pages\/2206\/revisions\/2210"}],"wp:attachment":[{"href":"https:\/\/studienportal-eierstockkrebs.de\/vi\/wp-json\/wp\/v2\/media?parent=2206"}],"curies":[{"name":"wp","href":"https:\/\/api.w.org\/{rel}","templated":true}]}}